{"id":345,"date":"2023-05-24T14:17:30","date_gmt":"2023-05-24T05:17:30","guid":{"rendered":"http:\/\/www.esperanto.unueca.net\/?page_id=345"},"modified":"2023-10-03T16:16:56","modified_gmt":"2023-10-03T07:16:56","slug":"%e3%83%ad%e3%83%b3%e3%83%89%e3%83%bb%e3%82%af%e3%83%a9%e3%82%a8%e3%82%b9%e3%80%80%e5%89%b5%e4%bd%9c%e4%bd%9c%e5%93%81%e3%80%80%ef%bc%88verkajoj-de-membroj","status":"publish","type":"page","link":"http:\/\/www.esperanto.unueca.net\/?page_id=345","title":{"rendered":"\u30ed\u30f3\u30c9\u30fb\u30af\u30e9\u30a8\u30b9\u3000\u5275\u4f5c\u4f5c\u54c1\u3000\uff08Verka\u0135oj de membroj)"},"content":{"rendered":"<p>\u30ed\u30f3\u30c9\u30fb\u30af\u30e9\u30a8\u30b9\u306e\u30e1\u30f3\u30d0\u30fc\u306b\u3088\u308b\u5275\u4f5c\u4f5c\u54c1\u306e\u767a\u8868\u306e\u5834\u3068\u3057\u3066\u4f5c\u308a\u307e\u3057\u305f\u3002<br \/>En tiu \u0109i pa\u011do ku\u015das verka\u0135oj, krea\u0135oj originaraj de membroj de nia grupo.<\/p>\n\n\n<p class=\"has-medium-font-size\"><strong>1.\u5ca1\u5c71\u306e\u4f1d\u8aac\u306e\u7d39\u4ecb1<a href=\"https:\/\/youtu.be\/m4T-wjV1FqA\">\uff08Legendo de Momotarou)<\/a><\/strong><\/p>\n\n\n\n<div class=\"wp-block-buttons is-layout-flex wp-block-buttons-is-layout-flex\">\n<div class=\"wp-block-button\"><a class=\"wp-block-button__link wp-element-button\" href=\"https:\/\/youtu.be\/m4T-wjV1FqA\">Legendo de Momotarou<\/a><\/div>\n<\/div>\n\n\n\n<p>\u6843\u592a\u90ce\u4f1d\u8aac\u306e\u57fa\u306b\u306a\u3063\u305f\u3068\u3044\u308f\u308c\u3066\u3044\u308b\u300c\u6e29\u7f85\uff08\u3046\u3089\uff09\u4f1d\u8aac\u300d\u306e\u7d39\u4ecb\u3068\u305d\u308c\u306b\u307e\u3064\u308f\u308b\u5ca1\u5c71\u306e\u907a\u8de1\u306e\u7d39\u4ecb\u3067\u3059\u3002\uff08\u65e5\u672c\u907a\u7523\u306b\u3082\u767b\u9332\u3055\u308c\u3066\u3044\u307e\u3059\uff09<\/p>\n\n\n\n<p>Ni prezentas la legendon de Ura, kiu estas baza rakonto de Momotarou famkonata fabelo en Japanio. Kaj da\u016dre prezentas kaekajn interesajn historiajn ruinojn, kijn oni povas vidi nun en Okayama.<\/p>\n\n\n\n<p><strong>2.\u5ca1\u5c71\u306e\u4f1d\u8aac\u306e\u7d39\u4ecb2<a href=\"https:\/\/youtu.be\/yfdyP-fUoWg\">\uff08Legendo de Ushimado)<\/a><\/strong><\/p>\n\n\n\n<div class=\"wp-block-buttons is-layout-flex wp-block-buttons-is-layout-flex\">\n<div class=\"wp-block-button\"><a class=\"wp-block-button__link wp-element-button\" href=\"https:\/\/youtu.be\/yfdyP-fUoWg\">Legendo de Ushimado <\/a><\/div>\n<\/div>\n\n\n\n<p>Ni prezentas la legendon de Ushimado, kie trovi\u011das tiel belaj scenoj kiel oni diras ke pejza\u0135o de Ushimado similas al pejza\u0135o de Egea maro en E\u016dropo. <\/p>\n\n\n\n<p><strong>3.Gakto\u767a\u300cNova kanto\u300d&#8221;matematiko&#8221;<\/strong><\/p>\n\n\n\n<div class=\"wp-block-buttons is-layout-flex wp-block-buttons-is-layout-flex\">\n<div class=\"wp-block-button\"><a class=\"wp-block-button__link wp-element-button\" href=\"https:\/\/youtu.be\/N_Onl833rvs\">Kanto &#8220;Matematiko&#8221;<\/a><\/div>\n<\/div>\n\n\n\n<p>\u7530\u9089\u697d\u4eba\u4f5c\u66f2\u306e\u65b0\u66f2\u300cmatematiko\u300d\u7de8\u66f2\u30fb\u6b4c\u3082Gakto\u3000\u4f5c\u8a5e\u306f\u798f\u4e95\u653f\u6625\u00a0Gakto komponis novan poemon nomata &#8220;matematiko&#8221; Tre agrable kaj komforte!<\/p>\n\n\n\n<p><strong>4.Spektaklo de japana karigrafio \u66f8\u9053\u30d1\u30d5\u30a9\u30fc\u30de\u30f3\u30b9\u3000\u8c9d\u539f\u4f50\u5948<\/strong><\/p>\n\n\n\n<div class=\"wp-block-buttons is-layout-flex wp-block-buttons-is-layout-flex\">\n<div class=\"wp-block-button\"><a class=\"wp-block-button__link wp-element-button\" href=\"https:\/\/youtu.be\/CErRBlI3rjs\">Spektaklo de japana karigrafio<\/a><\/div>\n<\/div>\n\n\n\n<p>\u66f8\u9053\u30d1\u30d5\u30a9\u30fc\u30de\u30f3\u30b9\u3067\uff11\uff10\u6708\uff11\u65e5\u306b\u884c\u308f\u308c\u305f\u4e2d\u56db\u56fd\u5927\u4f1a\u306e\u30bf\u30a4\u30c8\u30eb\u3092\u5927\u304d\u304f\u4f5c\u3063\u3066\u307f\u307e\u3057\u305f\u3002\u69d8\u3005\u306a\u5927\u4f1a\u7528\u306b\u4f5c\u308b\u3053\u3068\u3082\u3067\u304d\u308b\u304b\u3082\u3057\u308c\u307e\u305b\u3093\u306e\u3067\u8208\u5473\u306e\u3042\u308b\u65b9\u306f\u9023\u7d61\u3092\u3002\u4f7f\u7528\u3057\u305f\u66f2\u76ee\u306f\u300c\u6843\u592a\u90ce\u300d\u300cLa Espero\u300d\u300cLa tagi\u011do\u300d\u306e\uff13\u5c40\u3002<\/p>\n\n\n\n<p><strong>5.Mia propono por esperanto KUMEDA MIKI<\/strong>\u30a8\u30b9\u30da\u30e9\u30f3\u30c8\u3067\u3067\u304d\u308b\u3053\u3068<\/p>\n\n\n\n<div class=\"wp-block-buttons is-layout-flex wp-block-buttons-is-layout-flex\">\n<div class=\"wp-block-button\"><a class=\"wp-block-button__link wp-element-button\" href=\"https:\/\/youtu.be\/bPYao4luKcc\"><strong>Mia propono por esperanto KUMEDA MIKI<\/strong>\u3000\u201dKion eblas Esperanto?&#8221;<\/a><\/div>\n<\/div>\n\n\n\n<p>\u5ca1\u5c71\u51fa\u8eab\u306e\u4e45\u7c73\u7530\u672a\u6a39\u3002\u30a8\u30b9\u30da\u30e9\u30f3\u30c8\u6b74\uff18\u30f6\u6708\u306e\u65b0\u4eba\u3067\u3059\u3002\u300c\u30a8\u30b9\u30da\u30e9\u30f3\u30c8\u3067 \u51fa\u6765\u308b\u4e8b\u300d\u306b\u3064\u3044\u3066\u63d0\u6848\u304c\u3042\u308a\u307e\u3059\u3002Kumeda Miki, kiu eklernis Esperanton anta\u016d 8 monatoj, proponas pri kion eblas Esperanto.<\/p>\n","protected":false},"excerpt":{"rendered":"<p>\u30ed\u30f3\u30c9\u30fb\u30af\u30e9\u30a8\u30b9\u306e\u30e1\u30f3\u30d0\u30fc\u306b\u3088\u308b\u5275\u4f5c\u4f5c\u54c1\u306e\u767a\u8868\u306e\u5834\u3068\u3057\u3066\u4f5c\u308a\u307e\u3057\u305f\u3002En tiu \u0109i pa\u011do ku\u015das verka\u0135oj, krea\u0135oj originaraj de membroj de nia grupo. 1 [&hellip;]<\/p>\n","protected":false},"author":1,"featured_media":0,"parent":0,"menu_order":0,"comment_status":"closed","ping_status":"closed","template":"","meta":{"footnotes":""},"class_list":["post-345","page","type-page","status-publish","hentry"],"_links":{"self":[{"href":"http:\/\/www.esperanto.unueca.net\/index.php?rest_route=\/wp\/v2\/pages\/345","targetHints":{"allow":["GET"]}}],"collection":[{"href":"http:\/\/www.esperanto.unueca.net\/index.php?rest_route=\/wp\/v2\/pages"}],"about":[{"href":"http:\/\/www.esperanto.unueca.net\/index.php?rest_route=\/wp\/v2\/types\/page"}],"author":[{"embeddable":true,"href":"http:\/\/www.esperanto.unueca.net\/index.php?rest_route=\/wp\/v2\/users\/1"}],"replies":[{"embeddable":true,"href":"http:\/\/www.esperanto.unueca.net\/index.php?rest_route=%2Fwp%2Fv2%2Fcomments&post=345"}],"version-history":[{"count":9,"href":"http:\/\/www.esperanto.unueca.net\/index.php?rest_route=\/wp\/v2\/pages\/345\/revisions"}],"predecessor-version":[{"id":435,"href":"http:\/\/www.esperanto.unueca.net\/index.php?rest_route=\/wp\/v2\/pages\/345\/revisions\/435"}],"wp:attachment":[{"href":"http:\/\/www.esperanto.unueca.net\/index.php?rest_route=%2Fwp%2Fv2%2Fmedia&parent=345"}],"curies":[{"name":"wp","href":"https:\/\/api.w.org\/{rel}","templated":true}]}}